{"id":168,"date":"2018-08-29T14:25:06","date_gmt":"2018-08-29T14:25:06","guid":{"rendered":"http:\/\/chalet-arpitan.com\/?page_id=168"},"modified":"2026-02-16T14:01:13","modified_gmt":"2026-02-16T14:01:13","slug":"about-us-self-catered-rentals-concierge-services","status":"publish","type":"page","link":"https:\/\/chalet-arpitan.com\/fr\/about-us-self-catered-rentals-concierge-services\/","title":{"rendered":"A propos de nous"},"content":{"rendered":"<div id=\"pl-168\"  class=\"panel-layout\" ><div id=\"pg-168-0\"  class=\"panel-grid panel-has-style\" ><div class=\"siteorigin-panels-stretch panel-row-style panel-row-style-for-168-0\" data-stretch-type=\"full-width-stretch\" ><div id=\"pgc-168-0-0\"  class=\"panel-grid-cell\" ><div id=\"panel-168-0-0-0\" class=\"so-panel widget widget_black-studio-tinymce widget_black_studio_tinymce panel-first-child\" data-index=\"0\" ><div class=\"textwidget\"><p><iframe loading=\"lazy\" width=\"560\" height=\"315\" src=\"https:\/\/www.youtube.com\/embed\/S8gi1NSpvBI?controls=0&autoplay=1\" frameborder=\"0\" allow=\"accelerometer; autoplay; encrypted-media; gyroscope; picture-in-picture\" allowfullscreen><\/iframe><\/p>\n<\/div><\/div><div id=\"panel-168-0-0-1\" class=\"so-panel widget widget_sow-editor panel-last-child\" data-index=\"1\" ><div\n\t\t\t\n\t\t\tclass=\"so-widget-sow-editor so-widget-sow-editor-base\"\n\t\t\t\n\t\t>\n<div class=\"siteorigin-widget-tinymce textwidget\">\n\t<h1 style=\"text-align: center;\">\u00c0 propos de nous<\/h1>\n<\/div>\n<\/div><\/div><\/div><\/div><\/div><div id=\"pg-168-1\"  class=\"panel-grid panel-no-style\" ><div id=\"pgc-168-1-0\"  class=\"panel-grid-cell\" ><div id=\"panel-168-1-0-0\" class=\"so-panel widget widget_black-studio-tinymce widget_black_studio_tinymce panel-first-child panel-last-child\" data-index=\"2\" ><div class=\"textwidget\"><p><img loading=\"lazy\" decoding=\"async\" data-attachment-id=\"2148\" data-permalink=\"https:\/\/chalet-arpitan.com\/fr\/about-us-self-catered-rentals-concierge-services\/snowshoeing-closeup-2\/\" data-orig-file=\"https:\/\/i0.wp.com\/chalet-arpitan.com\/wp-content\/uploads\/2018\/11\/snowshoeing-closeup-1.jpg?fit=1530%2C2040&amp;ssl=1\" data-orig-size=\"1530,2040\" data-comments-opened=\"1\" data-image-meta=\"{&quot;aperture&quot;:&quot;0&quot;,&quot;credit&quot;:&quot;&quot;,&quot;camera&quot;:&quot;&quot;,&quot;caption&quot;:&quot;&quot;,&quot;created_timestamp&quot;:&quot;1542996990&quot;,&quot;copyright&quot;:&quot;&quot;,&quot;focal_length&quot;:&quot;0&quot;,&quot;iso&quot;:&quot;0&quot;,&quot;shutter_speed&quot;:&quot;0&quot;,&quot;title&quot;:&quot;&quot;,&quot;orientation&quot;:&quot;1&quot;}\" data-image-title=\"snowshoeing closeup\" data-image-description=\"\" data-image-caption=\"\" data-medium-file=\"https:\/\/i0.wp.com\/chalet-arpitan.com\/wp-content\/uploads\/2018\/11\/snowshoeing-closeup-1.jpg?fit=225%2C300&amp;ssl=1\" data-large-file=\"https:\/\/i0.wp.com\/chalet-arpitan.com\/wp-content\/uploads\/2018\/11\/snowshoeing-closeup-1.jpg?fit=768%2C1024&amp;ssl=1\" data-recalc-dims=\"1\" class=\"alignnone wp-image-2148 size-medium\" src=\"https:\/\/i0.wp.com\/chalet-arpitan.com\/wp-content\/uploads\/2018\/11\/snowshoeing-closeup-1-225x300.jpg?resize=225%2C300\" alt=\"\" width=\"225\" height=\"300\" srcset=\"https:\/\/i0.wp.com\/chalet-arpitan.com\/wp-content\/uploads\/2018\/11\/snowshoeing-closeup-1.jpg?resize=225%2C300&amp;ssl=1 225w, https:\/\/i0.wp.com\/chalet-arpitan.com\/wp-content\/uploads\/2018\/11\/snowshoeing-closeup-1.jpg?resize=768%2C1024&amp;ssl=1 768w, https:\/\/i0.wp.com\/chalet-arpitan.com\/wp-content\/uploads\/2018\/11\/snowshoeing-closeup-1.jpg?resize=98%2C130&amp;ssl=1 98w, https:\/\/i0.wp.com\/chalet-arpitan.com\/wp-content\/uploads\/2018\/11\/snowshoeing-closeup-1.jpg?resize=60%2C80&amp;ssl=1 60w, https:\/\/i0.wp.com\/chalet-arpitan.com\/wp-content\/uploads\/2018\/11\/snowshoeing-closeup-1.jpg?resize=227%2C303&amp;ssl=1 227w, https:\/\/i0.wp.com\/chalet-arpitan.com\/wp-content\/uploads\/2018\/11\/snowshoeing-closeup-1.jpg?resize=605%2C806&amp;ssl=1 605w, https:\/\/i0.wp.com\/chalet-arpitan.com\/wp-content\/uploads\/2018\/11\/snowshoeing-closeup-1.jpg?resize=525%2C700&amp;ssl=1 525w, https:\/\/i0.wp.com\/chalet-arpitan.com\/wp-content\/uploads\/2018\/11\/snowshoeing-closeup-1.jpg?resize=713%2C950&amp;ssl=1 713w, https:\/\/i0.wp.com\/chalet-arpitan.com\/wp-content\/uploads\/2018\/11\/snowshoeing-closeup-1.jpg?resize=810%2C1080&amp;ssl=1 810w, https:\/\/i0.wp.com\/chalet-arpitan.com\/wp-content\/uploads\/2018\/11\/snowshoeing-closeup-1.jpg?resize=300%2C400&amp;ssl=1 300w, https:\/\/i0.wp.com\/chalet-arpitan.com\/wp-content\/uploads\/2018\/11\/snowshoeing-closeup-1.jpg?w=1530&amp;ssl=1 1530w\" sizes=\"auto, (max-width: 225px) 100vw, 225px\" \/><\/p>\n<p>&nbsp;<\/p>\n<\/div><\/div><\/div><div id=\"pgc-168-1-1\"  class=\"panel-grid-cell\" ><div id=\"panel-168-1-1-0\" class=\"so-panel widget widget_black-studio-tinymce widget_black_studio_tinymce panel-first-child panel-last-child\" data-index=\"3\" ><div class=\"textwidget\"><h1 data-start=\"126\" data-end=\"166\">Votre s\u00e9jour au chalet en toute simplicit\u00e9<\/h1>\n<h2 data-start=\"167\" data-end=\"228\"><strong data-start=\"167\" data-end=\"228\">avec services de conciergerie sur mesure<\/strong><\/h2>\n<p data-start=\"176\" data-end=\"283\">Bienvenue au Chalet Arpitan, o\u00f9 le confort d\u2019un chalet ind\u00e9pendant haut de gamme se conjugue \u00e0 une attention personnalis\u00e9e et discr\u00e8te.<\/p>\n<p data-start=\"285\" data-end=\"495\">Entreprise familiale et professionnelle, nous proposons de grands chalets de standing, pens\u00e9s pour les familles et les groupes \u00e0 la recherche d\u2019espace, de s\u00e9r\u00e9nit\u00e9 et d\u2019une exp\u00e9rience authentique \u00e0 la montagne, au c\u0153ur du <a href=\"https:\/\/www.grand-massif.com\/\" target=\"_blank\" rel=\"noopener\">Grand Massif<\/a>, alpes fran\u00e7aises.<\/p>\n<p data-start=\"497\" data-end=\"756\">Chaque s\u00e9jour est unique. C\u2019est pourquoi nous adaptons nos prestations \u00e0 vos attentes. En compl\u00e9ment de votre location en gestion libre, nous mettons \u00e0 votre disposition des services de conciergerie personnalis\u00e9s : livraison de courses, organisation des transferts, coordination de la location de skis, et recommandations d\u2019activit\u00e9s soigneusement s\u00e9lectionn\u00e9es. Tout est con\u00e7u pour vous offrir un s\u00e9jour fluide, \u00e9l\u00e9gant et sans contraintes.<\/p>\n<p data-start=\"758\" data-end=\"946\">Nous travaillons exclusivement avec des partenaires locaux de confiance et privil\u00e9gions un accompagnement clair, honn\u00eate et attentif, afin que vous puissiez profiter pleinement de la montagne \u2014 que ce soit sur les pistes ou en dehors.<\/p>\n<p data-start=\"948\" data-end=\"1192\">Pauline, l\u2019\u00e2me du Chalet Arpitan, parle plusieurs langues europ\u00e9ennes et supervise personnellement chaque s\u00e9jour. Install\u00e9e dans le village depuis plus de 15 ans, elle conna\u00eet la r\u00e9gion dans ses moindres d\u00e9tails et veille \u00e0 ce que votre exp\u00e9rience d\u00e9passe vos attentes, du premier contact \u00e0 votre d\u00e9part <a href=\"https:\/\/www.grand-massif.com\/\" target=\"_blank\" rel=\"noopener\">au Grand massif<\/a> .<\/p>\n<p>&nbsp;<\/p>\n<\/div><\/div><\/div><\/div><\/div>","protected":false},"excerpt":{"rendered":"<p>About Us &nbsp; Your Alpine Chalet Stay, Made Easy Self-catered comfort with personalised concierge services Welcome to Chalet Arpitan, where elegant self-catered alpine living meets thoughtful, personalised service. We are a family-run, professional business specialising in spacious, high-end chalets for families and groups seeking comfort, flexibility, and an authentic mountain experience in the Grand Massif, [&hellip;]<\/p>\n","protected":false},"author":2,"featured_media":0,"parent":0,"menu_order":0,"comment_status":"closed","ping_status":"closed","template":"","meta":{"jetpack_post_was_ever_published":false,"footnotes":""},"class_list":["post-168","page","type-page","status-publish","hentry","post"],"yoast_head":"<!-- This site is optimized with the Yoast SEO plugin v27.3 - https:\/\/yoast.com\/product\/yoast-seo-wordpress\/ -->\n<title>About us - Chalet Arpitan<\/title>\n<meta name=\"description\" content=\"self-catered group alpine chalet rental with concierge services for a ski holiday in les Carroz - Grand Massif, France Chalet Arpitan\" \/>\n<meta name=\"robots\" content=\"index, follow, max-snippet:-1, max-image-preview:large, max-video-preview:-1\" \/>\n<link rel=\"canonical\" href=\"https:\/\/chalet-arpitan.com\/fr\/about-us-self-catered-rentals-concierge-services\/\" \/>\n<meta property=\"og:locale\" content=\"fr_FR\" \/>\n<meta property=\"og:type\" content=\"article\" \/>\n<meta property=\"og:title\" content=\"About us - Chalet Arpitan\" \/>\n<meta property=\"og:description\" content=\"self-catered group alpine chalet rental with concierge services for a ski holiday in les Carroz - Grand Massif, France Chalet Arpitan\" \/>\n<meta property=\"og:url\" content=\"https:\/\/chalet-arpitan.com\/fr\/about-us-self-catered-rentals-concierge-services\/\" \/>\n<meta property=\"og:site_name\" content=\"Chalet Arpitan\" \/>\n<meta property=\"article:publisher\" content=\"https:\/\/www.facebook.com\/chaletarpitan\" \/>\n<meta property=\"article:modified_time\" content=\"2026-02-16T14:01:13+00:00\" \/>\n<meta property=\"og:image\" content=\"https:\/\/i0.wp.com\/chalet-arpitan.com\/wp-content\/uploads\/2018\/11\/snowshoeing-closeup-1.jpg?fit=1530%2C2040&ssl=1\" \/>\n\t<meta property=\"og:image:width\" content=\"1530\" \/>\n\t<meta property=\"og:image:height\" content=\"2040\" \/>\n\t<meta property=\"og:image:type\" content=\"image\/jpeg\" \/>\n<meta name=\"twitter:card\" content=\"summary_large_image\" \/>\n<meta name=\"twitter:label1\" content=\"Dur\u00e9e de lecture estim\u00e9e\" \/>\n\t<meta name=\"twitter:data1\" content=\"1 minute\" \/>\n<script type=\"application\/ld+json\" class=\"yoast-schema-graph\">{\"@context\":\"https:\\\/\\\/schema.org\",\"@graph\":[{\"@type\":\"WebPage\",\"@id\":\"https:\\\/\\\/chalet-arpitan.com\\\/about-us-self-catered-rentals-concierge-services\\\/\",\"url\":\"https:\\\/\\\/chalet-arpitan.com\\\/about-us-self-catered-rentals-concierge-services\\\/\",\"name\":\"About us - Chalet Arpitan\",\"isPartOf\":{\"@id\":\"https:\\\/\\\/chalet-arpitan.com\\\/#website\"},\"primaryImageOfPage\":{\"@id\":\"https:\\\/\\\/chalet-arpitan.com\\\/about-us-self-catered-rentals-concierge-services\\\/#primaryimage\"},\"image\":{\"@id\":\"https:\\\/\\\/chalet-arpitan.com\\\/about-us-self-catered-rentals-concierge-services\\\/#primaryimage\"},\"thumbnailUrl\":\"https:\\\/\\\/i0.wp.com\\\/chalet-arpitan.com\\\/wp-content\\\/uploads\\\/2018\\\/11\\\/snowshoeing-closeup-1-225x300.jpg?resize=225%2C300\",\"datePublished\":\"2018-08-29T14:25:06+00:00\",\"dateModified\":\"2026-02-16T14:01:13+00:00\",\"description\":\"self-catered group alpine chalet rental with concierge services for a ski holiday in les Carroz - Grand Massif, France Chalet Arpitan\",\"breadcrumb\":{\"@id\":\"https:\\\/\\\/chalet-arpitan.com\\\/about-us-self-catered-rentals-concierge-services\\\/#breadcrumb\"},\"inLanguage\":\"fr-FR\",\"potentialAction\":[{\"@type\":\"ReadAction\",\"target\":[\"https:\\\/\\\/chalet-arpitan.com\\\/about-us-self-catered-rentals-concierge-services\\\/\"]}]},{\"@type\":\"ImageObject\",\"inLanguage\":\"fr-FR\",\"@id\":\"https:\\\/\\\/chalet-arpitan.com\\\/about-us-self-catered-rentals-concierge-services\\\/#primaryimage\",\"url\":\"https:\\\/\\\/i0.wp.com\\\/chalet-arpitan.com\\\/wp-content\\\/uploads\\\/2018\\\/11\\\/snowshoeing-closeup-1-225x300.jpg?resize=225%2C300\",\"contentUrl\":\"https:\\\/\\\/i0.wp.com\\\/chalet-arpitan.com\\\/wp-content\\\/uploads\\\/2018\\\/11\\\/snowshoeing-closeup-1-225x300.jpg?resize=225%2C300\"},{\"@type\":\"BreadcrumbList\",\"@id\":\"https:\\\/\\\/chalet-arpitan.com\\\/about-us-self-catered-rentals-concierge-services\\\/#breadcrumb\",\"itemListElement\":[{\"@type\":\"ListItem\",\"position\":1,\"name\":\"Home\",\"item\":\"https:\\\/\\\/chalet-arpitan.com\\\/\"},{\"@type\":\"ListItem\",\"position\":2,\"name\":\"About us\"}]},{\"@type\":\"WebSite\",\"@id\":\"https:\\\/\\\/chalet-arpitan.com\\\/#website\",\"url\":\"https:\\\/\\\/chalet-arpitan.com\\\/\",\"name\":\"Chalet Arpitan\",\"description\":\"Luxury in les Carroz\",\"publisher\":{\"@id\":\"https:\\\/\\\/chalet-arpitan.com\\\/#organization\"},\"potentialAction\":[{\"@type\":\"SearchAction\",\"target\":{\"@type\":\"EntryPoint\",\"urlTemplate\":\"https:\\\/\\\/chalet-arpitan.com\\\/?s={search_term_string}\"},\"query-input\":{\"@type\":\"PropertyValueSpecification\",\"valueRequired\":true,\"valueName\":\"search_term_string\"}}],\"inLanguage\":\"fr-FR\"},{\"@type\":\"Organization\",\"@id\":\"https:\\\/\\\/chalet-arpitan.com\\\/#organization\",\"name\":\"Chalet Arpitan\",\"url\":\"https:\\\/\\\/chalet-arpitan.com\\\/\",\"logo\":{\"@type\":\"ImageObject\",\"inLanguage\":\"fr-FR\",\"@id\":\"https:\\\/\\\/chalet-arpitan.com\\\/#\\\/schema\\\/logo\\\/image\\\/\",\"url\":\"https:\\\/\\\/i0.wp.com\\\/chalet-arpitan.com\\\/wp-content\\\/uploads\\\/2018\\\/11\\\/logo-round.png?fit=3000%2C3001&ssl=1\",\"contentUrl\":\"https:\\\/\\\/i0.wp.com\\\/chalet-arpitan.com\\\/wp-content\\\/uploads\\\/2018\\\/11\\\/logo-round.png?fit=3000%2C3001&ssl=1\",\"width\":3000,\"height\":3001,\"caption\":\"Chalet Arpitan\"},\"image\":{\"@id\":\"https:\\\/\\\/chalet-arpitan.com\\\/#\\\/schema\\\/logo\\\/image\\\/\"},\"sameAs\":[\"https:\\\/\\\/www.facebook.com\\\/chaletarpitan\",\"https:\\\/\\\/www.instagram.com\\\/chaletarpitan\\\/\",\"https:\\\/\\\/www.youtube.com\\\/watch?v=cMBLKUSCJCo\"]}]}<\/script>\n<!-- \/ Yoast SEO plugin. -->","yoast_head_json":{"title":"About us - Chalet Arpitan","description":"self-catered group alpine chalet rental with concierge services for a ski holiday in les Carroz - Grand Massif, France Chalet Arpitan","robots":{"index":"index","follow":"follow","max-snippet":"max-snippet:-1","max-image-preview":"max-image-preview:large","max-video-preview":"max-video-preview:-1"},"canonical":"https:\/\/chalet-arpitan.com\/fr\/about-us-self-catered-rentals-concierge-services\/","og_locale":"fr_FR","og_type":"article","og_title":"About us - Chalet Arpitan","og_description":"self-catered group alpine chalet rental with concierge services for a ski holiday in les Carroz - Grand Massif, France Chalet Arpitan","og_url":"https:\/\/chalet-arpitan.com\/fr\/about-us-self-catered-rentals-concierge-services\/","og_site_name":"Chalet Arpitan","article_publisher":"https:\/\/www.facebook.com\/chaletarpitan","article_modified_time":"2026-02-16T14:01:13+00:00","og_image":[{"width":1530,"height":2040,"url":"https:\/\/i0.wp.com\/chalet-arpitan.com\/wp-content\/uploads\/2018\/11\/snowshoeing-closeup-1.jpg?fit=1530%2C2040&ssl=1","type":"image\/jpeg"}],"twitter_card":"summary_large_image","twitter_misc":{"Dur\u00e9e de lecture estim\u00e9e":"1 minute"},"schema":{"@context":"https:\/\/schema.org","@graph":[{"@type":"WebPage","@id":"https:\/\/chalet-arpitan.com\/about-us-self-catered-rentals-concierge-services\/","url":"https:\/\/chalet-arpitan.com\/about-us-self-catered-rentals-concierge-services\/","name":"About us - Chalet Arpitan","isPartOf":{"@id":"https:\/\/chalet-arpitan.com\/#website"},"primaryImageOfPage":{"@id":"https:\/\/chalet-arpitan.com\/about-us-self-catered-rentals-concierge-services\/#primaryimage"},"image":{"@id":"https:\/\/chalet-arpitan.com\/about-us-self-catered-rentals-concierge-services\/#primaryimage"},"thumbnailUrl":"https:\/\/i0.wp.com\/chalet-arpitan.com\/wp-content\/uploads\/2018\/11\/snowshoeing-closeup-1-225x300.jpg?resize=225%2C300","datePublished":"2018-08-29T14:25:06+00:00","dateModified":"2026-02-16T14:01:13+00:00","description":"self-catered group alpine chalet rental with concierge services for a ski holiday in les Carroz - Grand Massif, France Chalet Arpitan","breadcrumb":{"@id":"https:\/\/chalet-arpitan.com\/about-us-self-catered-rentals-concierge-services\/#breadcrumb"},"inLanguage":"fr-FR","potentialAction":[{"@type":"ReadAction","target":["https:\/\/chalet-arpitan.com\/about-us-self-catered-rentals-concierge-services\/"]}]},{"@type":"ImageObject","inLanguage":"fr-FR","@id":"https:\/\/chalet-arpitan.com\/about-us-self-catered-rentals-concierge-services\/#primaryimage","url":"https:\/\/i0.wp.com\/chalet-arpitan.com\/wp-content\/uploads\/2018\/11\/snowshoeing-closeup-1-225x300.jpg?resize=225%2C300","contentUrl":"https:\/\/i0.wp.com\/chalet-arpitan.com\/wp-content\/uploads\/2018\/11\/snowshoeing-closeup-1-225x300.jpg?resize=225%2C300"},{"@type":"BreadcrumbList","@id":"https:\/\/chalet-arpitan.com\/about-us-self-catered-rentals-concierge-services\/#breadcrumb","itemListElement":[{"@type":"ListItem","position":1,"name":"Home","item":"https:\/\/chalet-arpitan.com\/"},{"@type":"ListItem","position":2,"name":"About us"}]},{"@type":"WebSite","@id":"https:\/\/chalet-arpitan.com\/#website","url":"https:\/\/chalet-arpitan.com\/","name":"Chalet Arpitan","description":"Luxury in les Carroz","publisher":{"@id":"https:\/\/chalet-arpitan.com\/#organization"},"potentialAction":[{"@type":"SearchAction","target":{"@type":"EntryPoint","urlTemplate":"https:\/\/chalet-arpitan.com\/?s={search_term_string}"},"query-input":{"@type":"PropertyValueSpecification","valueRequired":true,"valueName":"search_term_string"}}],"inLanguage":"fr-FR"},{"@type":"Organization","@id":"https:\/\/chalet-arpitan.com\/#organization","name":"Chalet Arpitan","url":"https:\/\/chalet-arpitan.com\/","logo":{"@type":"ImageObject","inLanguage":"fr-FR","@id":"https:\/\/chalet-arpitan.com\/#\/schema\/logo\/image\/","url":"https:\/\/i0.wp.com\/chalet-arpitan.com\/wp-content\/uploads\/2018\/11\/logo-round.png?fit=3000%2C3001&ssl=1","contentUrl":"https:\/\/i0.wp.com\/chalet-arpitan.com\/wp-content\/uploads\/2018\/11\/logo-round.png?fit=3000%2C3001&ssl=1","width":3000,"height":3001,"caption":"Chalet Arpitan"},"image":{"@id":"https:\/\/chalet-arpitan.com\/#\/schema\/logo\/image\/"},"sameAs":["https:\/\/www.facebook.com\/chaletarpitan","https:\/\/www.instagram.com\/chaletarpitan\/","https:\/\/www.youtube.com\/watch?v=cMBLKUSCJCo"]}]}},"jetpack_sharing_enabled":true,"jetpack_shortlink":"https:\/\/wp.me\/Pa3ex2-2I","_links":{"self":[{"href":"https:\/\/chalet-arpitan.com\/fr\/wp-json\/wp\/v2\/pages\/168","targetHints":{"allow":["GET"]}}],"collection":[{"href":"https:\/\/chalet-arpitan.com\/fr\/wp-json\/wp\/v2\/pages"}],"about":[{"href":"https:\/\/chalet-arpitan.com\/fr\/wp-json\/wp\/v2\/types\/page"}],"author":[{"embeddable":true,"href":"https:\/\/chalet-arpitan.com\/fr\/wp-json\/wp\/v2\/users\/2"}],"replies":[{"embeddable":true,"href":"https:\/\/chalet-arpitan.com\/fr\/wp-json\/wp\/v2\/comments?post=168"}],"version-history":[{"count":207,"href":"https:\/\/chalet-arpitan.com\/fr\/wp-json\/wp\/v2\/pages\/168\/revisions"}],"predecessor-version":[{"id":7768,"href":"https:\/\/chalet-arpitan.com\/fr\/wp-json\/wp\/v2\/pages\/168\/revisions\/7768"}],"wp:attachment":[{"href":"https:\/\/chalet-arpitan.com\/fr\/wp-json\/wp\/v2\/media?parent=168"}],"curies":[{"name":"wp","href":"https:\/\/api.w.org\/{rel}","templated":true}]}}