{"id":6407,"date":"2020-07-16T08:47:55","date_gmt":"2020-07-16T08:47:55","guid":{"rendered":"http:\/\/chalet-arpitan.com\/?page_id=6407"},"modified":"2025-01-03T10:25:07","modified_gmt":"2025-01-03T10:25:07","slug":"check-in","status":"publish","type":"page","link":"https:\/\/chalet-arpitan.com\/fr\/check-in\/","title":{"rendered":"Check-in"},"content":{"rendered":"<div id=\"pl-6407\"  class=\"panel-layout\" ><div id=\"pg-6407-0\"  class=\"panel-grid panel-no-style\" ><div id=\"pgc-6407-0-0\"  class=\"panel-grid-cell\" ><div id=\"panel-6407-0-0-0\" class=\"so-panel widget widget_black-studio-tinymce widget_black_studio_tinymce panel-first-child\" data-index=\"0\" ><div class=\"textwidget\"><p>Veuillez fournir les infos suivantes avant votre arriv\u00e9e \/ Please provide following information for smooth check-in*:<\/p>\n<\/div><\/div><div id=\"panel-6407-0-0-1\" class=\"so-panel widget widget_frm_show_form\"><div class=\"frm_form_widget\"><div class=\"frm_forms  with_frm_style frm_style_formidable-style\" id=\"frm_form_3_container\" >\n<form enctype=\"multipart\/form-data\" method=\"post\" class=\"frm-show-form \" id=\"form_check-in\" >\n<div class=\"frm_form_fields \">\n<fieldset>\n<legend class=\"frm_screen_reader\">Check-in<\/legend>\r\n\r\n<div class=\"frm_fields_container\">\n<input type=\"hidden\" name=\"frm_action\" value=\"create\" \/>\n<input type=\"hidden\" name=\"form_id\" value=\"3\" \/>\n<input type=\"hidden\" name=\"frm_hide_fields_3\" id=\"frm_hide_fields_3\" value=\"\" \/>\n<input type=\"hidden\" name=\"form_key\" value=\"check-in\" \/>\n<input type=\"hidden\" name=\"item_meta[0]\" value=\"\" \/>\n<input type=\"hidden\" id=\"frm_submit_entry_3\" name=\"frm_submit_entry_3\" value=\"2ccc9cefdd\" \/><input type=\"hidden\" name=\"_wp_http_referer\" value=\"\/fr\/wp-json\/wp\/v2\/pages\/6407\" \/><div id=\"frm_field_14_container\" class=\"frm_form_field form-field  frm_required_field frm_top_container\">\r\n    <label for=\"field_4e7vu\" id=\"field_4e7vu_label\" class=\"frm_primary_label\">Nom du responsable \/ Name of person who booked:\r\n        <span class=\"frm_required\">(required)<\/span>\r\n    <\/label>\r\n    <input type=\"text\" id=\"field_4e7vu\" name=\"item_meta[14]\" value=\"\"  data-reqmsg=\"Nom du responsable \/ Name of person who booked: cannot be blank.\" aria-required=\"true\" data-invmsg=\"Text is invalid\" aria-invalid=\"false\"  \/>\r\n    \r\n    \r\n<\/div>\n<div id=\"frm_field_36_container\" class=\"frm_form_field form-field  frm_required_field frm_top_container\">\r\n    <label for=\"field_zep3r\" id=\"field_zep3r_label\" class=\"frm_primary_label\">Email\r\n        <span class=\"frm_required\" aria-hidden=\"true\">(required)<\/span>\r\n    <\/label>\r\n    <input type=\"email\" id=\"field_zep3r\" name=\"item_meta[36]\" value=\"\"  data-reqmsg=\"Email cannot be blank.\" aria-required=\"true\" data-invmsg=\"Email is invalid\" aria-invalid=\"false\"  \/>\r\n    \r\n    \r\n<\/div>\n<div id=\"frm_field_15_container\" class=\"frm_form_field form-field  frm_required_field frm_top_container\">\r\n    <label for=\"field_xsy6k\" id=\"field_xsy6k_label\" class=\"frm_primary_label\">Adresse compl\u00e8te \/ Complete address:\r\n        <span class=\"frm_required\">(required)<\/span>\r\n    <\/label>\r\n    <input type=\"text\" id=\"field_xsy6k\" name=\"item_meta[15]\" value=\"\"  data-reqmsg=\"Adresse compl\u00e8te \/ Complete address: cannot be blank.\" aria-required=\"true\" data-invmsg=\"Text is invalid\" aria-invalid=\"false\"  \/>\r\n    \r\n    \r\n<\/div>\n<div id=\"frm_field_16_container\" class=\"frm_form_field form-field  frm_required_field frm_top_container\">\r\n    <label for=\"field_l0b1a\" id=\"field_l0b1a_label\" class=\"frm_primary_label\">Nombre de personnes \u2265 18 ans \/ Number of persons \u2265 18 years old**:\r\n        <span class=\"frm_required\">(required)<\/span>\r\n    <\/label>\r\n    <input type=\"number\" id=\"field_l0b1a\" name=\"item_meta[16]\" value=\"\"  style=\"width:10%\" data-reqmsg=\"Nombre de personnes \u2265 18 ans \/ Number of persons \u2265 18 years old**: cannot be blank.\" aria-required=\"true\" data-invmsg=\"Text is invalid\" class=\"auto_width\" aria-invalid=\"false\"   min=\"1\" max=\"20\" step=\"1\"\/>\r\n    \r\n    \r\n<\/div>\n<div id=\"frm_field_17_container\" class=\"frm_form_field form-field  frm_required_field frm_top_container\">\r\n    <label for=\"field_hms4k\" id=\"field_hms4k_label\" class=\"frm_primary_label\">Nombre de personnes < 18 ans \/ Number of persons < 18 years old:\r\n        <span class=\"frm_required\">(required)<\/span>\r\n    <\/label>\r\n    <input type=\"number\" id=\"field_hms4k\" name=\"item_meta[17]\" value=\"0\"  style=\"width:10%\" data-frmval=\"0\" data-reqmsg=\"Nombre de personnes &lt; 18 ans \/ Number of persons &lt; 18 years old: cannot be blank.\" aria-required=\"true\" data-invmsg=\"Text is invalid\" class=\"auto_width\" aria-invalid=\"false\"   min=\"0\" max=\"10\" step=\"1\"\/>\r\n    \r\n    \r\n<\/div>\n<div id=\"frm_field_18_container\" class=\"frm_form_field form-field  frm_required_field frm_top_container\">\r\n    <label for=\"field_s8fyk\" id=\"field_s8fyk_label\" class=\"frm_primary_label\">Heure approximative d'arriv\u00e9e entre 17h et 20h  \/ Approximate hour of arrival between 5-8 pm:\r\n        <span class=\"frm_required\">(required)<\/span>\r\n    <\/label>\r\n    \t\t<select name=\"item_meta[18]\" id=\"field_s8fyk\"  data-reqmsg=\"Heure approximative d&#039;arriv\u00e9e entre 17h et 20h  \/ Approximate hour of arrival between 5-8 pm: cannot be blank.\" aria-required=\"true\" data-invmsg=\"Heure approximative d&#039;arriv\u00e9e entre 17h et 20h  \/ Approximate hour of arrival between 5-8 pm: est non valide\" class=\"auto_width\" aria-invalid=\"false\"  >\n\t\t<option  value=\"17.00-17.30\">17.00-17.30<\/option><option  value=\"18.00-18.30\">18.00-18.30<\/option><option  value=\"19.00-19.30\">19.00-19.30<\/option><option  value=\"19.30-20.00\">19.30-20.00<\/option><option  value=\"20.00 &gt;\">20.00 &gt;<\/option>\t<\/select>\n\t\r\n    \r\n    \r\n<\/div>\n<div id=\"frm_field_19_container\" class=\"frm_form_field form-field  frm_top_container\">\r\n    <label for=\"field_ikokf\" id=\"field_ikokf_label\" class=\"frm_primary_label\">Heure d'arriv\u00e9e en dehors des horaires admis \/ Arrival time outside set arrival times:\r\n        <span class=\"frm_required\"><\/span>\r\n    <\/label>\r\n    \t\t<select name=\"item_meta[19]\" id=\"field_ikokf\"  data-invmsg=\"Heure d&#039;arriv\u00e9e en dehors des horaires admis \/ Arrival time outside set arrival times: est non valide\" class=\"auto_width\" aria-invalid=\"false\"  >\n\t\t<option  value=\"-\">-<\/option><option  value=\"20.00\">20.00<\/option><option  value=\"20.30\">20.30<\/option><option  value=\"21.00\">21.00<\/option><option  value=\"21.30\">21.30<\/option><option  value=\"22.00\">22.00<\/option><option  value=\"22.30\">22.30<\/option><option  value=\"23.00\">23.00<\/option>\t<\/select>\n\t\r\n    <div class=\"frm_description\" id=\"frm_desc_field_ikokf\"><h4>Je souhaite commander les services suivants \/ I would like to order the following services<\/h4><\/div>\r\n    \r\n<\/div>\n<div id=\"frm_field_20_container\" class=\"frm_form_field form-field  frm_required_field frm_top_container vertical_radio\">\r\n    <div  id=\"field_6eq1k_label\" class=\"frm_primary_label\">Location draps \/ Sheet rental (\u20ac18 pp)\r\n        <span class=\"frm_required\">(required)<\/span>\r\n    <\/div>\r\n    <div class=\"frm_opt_container\" aria-labelledby=\"field_6eq1k_label\" role=\"radiogroup\" aria-required=\"true\">\t\t<div class=\"frm_radio\" id=\"frm_radio_20-0\">\t\t\t<label  for=\"field_6eq1k-0\">\n\t\t\t\t\t<input type=\"radio\" name=\"item_meta[20]\" id=\"field_6eq1k-0\" value=\"Yes\"\n\t\t data-reqmsg=\"Location draps \/ Sheet rental (\u20ac18 pp) cannot be blank.\" data-invmsg=\"Location draps \/ Sheet rental (\u20ac18 pp) est non valide\"   \/> Yes<\/label><\/div>\n\t\t<div class=\"frm_radio\" id=\"frm_radio_20-1\">\t\t\t<label  for=\"field_6eq1k-1\">\n\t\t\t\t\t<input type=\"radio\" name=\"item_meta[20]\" id=\"field_6eq1k-1\" value=\"No\"\n\t\t data-reqmsg=\"Location draps \/ Sheet rental (\u20ac18 pp) cannot be blank.\" data-invmsg=\"Location draps \/ Sheet rental (\u20ac18 pp) est non valide\"   \/> No<\/label><\/div>\n<\/div>\r\n    \r\n    \r\n<\/div>\n<div id=\"frm_field_27_container\" class=\"frm_form_field form-field  frm_required_field frm_top_container vertical_radio\">\r\n    <div  id=\"field_z2c05_label\" class=\"frm_primary_label\">Location serviettes \/ Towel rental (\u20ac7 pp)\r\n        <span class=\"frm_required\">(required)<\/span>\r\n    <\/div>\r\n    <div class=\"frm_opt_container\" aria-labelledby=\"field_z2c05_label\" role=\"radiogroup\" aria-required=\"true\">\t\t<div class=\"frm_radio\" id=\"frm_radio_27-0\">\t\t\t<label  for=\"field_z2c05-0\">\n\t\t\t\t\t<input type=\"radio\" name=\"item_meta[27]\" id=\"field_z2c05-0\" value=\"Yes\"\n\t\t data-reqmsg=\"Location serviettes \/ Towel rental (\u20ac7 pp) cannot be blank.\" data-invmsg=\"Location serviettes \/ Towel rental (\u20ac7 pp) est non valide\"   \/> Yes<\/label><\/div>\n\t\t<div class=\"frm_radio\" id=\"frm_radio_27-1\">\t\t\t<label  for=\"field_z2c05-1\">\n\t\t\t\t\t<input type=\"radio\" name=\"item_meta[27]\" id=\"field_z2c05-1\" value=\"No\"\n\t\t data-reqmsg=\"Location serviettes \/ Towel rental (\u20ac7 pp) cannot be blank.\" data-invmsg=\"Location serviettes \/ Towel rental (\u20ac7 pp) est non valide\"   \/> No<\/label><\/div>\n<\/div>\r\n    \r\n    \r\n<\/div>\n<div id=\"frm_field_21_container\" class=\"frm_form_field form-field  frm_required_field frm_top_container vertical_radio\">\r\n    <div  id=\"field_3jl1v_label\" class=\"frm_primary_label\">M\u00e9nage de fin de s\u00e9jour \/ End of stay cleaning***:\r\n        <span class=\"frm_required\">(required)<\/span>\r\n    <\/div>\r\n    <div class=\"frm_opt_container\" aria-labelledby=\"field_3jl1v_label\" role=\"radiogroup\" aria-required=\"true\">\t\t<div class=\"frm_radio\" id=\"frm_radio_21-0\">\t\t\t<label  for=\"field_3jl1v-0\">\n\t\t\t\t\t<input type=\"radio\" name=\"item_meta[21]\" id=\"field_3jl1v-0\" value=\"Yes\"\n\t\t data-reqmsg=\"M\u00e9nage de fin de s\u00e9jour \/ End of stay cleaning***: cannot be blank.\" data-invmsg=\"M\u00e9nage de fin de s\u00e9jour \/ End of stay cleaning***: est non valide\"   \/> Yes<\/label><\/div>\n\t\t<div class=\"frm_radio\" id=\"frm_radio_21-1\">\t\t\t<label  for=\"field_3jl1v-1\">\n\t\t\t\t\t<input type=\"radio\" name=\"item_meta[21]\" id=\"field_3jl1v-1\" value=\"No\"\n\t\t data-reqmsg=\"M\u00e9nage de fin de s\u00e9jour \/ End of stay cleaning***: cannot be blank.\" data-invmsg=\"M\u00e9nage de fin de s\u00e9jour \/ End of stay cleaning***: est non valide\"   \/> No<\/label><\/div>\n<\/div>\r\n    \r\n    \r\n<\/div>\n<div id=\"frm_field_35_container\" class=\"frm_form_field form-field  frm_none_container\">\r\n    <label for=\"g-recaptcha-response\" id=\"field_d2t4c_label\" class=\"frm_primary_label\">reCAPTCHA\r\n        <span class=\"frm_required\"><\/span>\r\n    <\/label>\r\n    <div  id=\"field_d2t4c\" class=\"frm-g-recaptcha\" data-sitekey=\"6Le6Ur4ZAAAAAAgUzKHEBpedPlX0OXigzyp-f1g_\" data-size=\"normal\" data-theme=\"light\"><\/div>\r\n    \r\n    \r\n<\/div>\n\t<input type=\"hidden\" name=\"item_key\" value=\"\" \/>\n\t\t\t<div id=\"frm_field_39_container\">\n\t\t\t<label for=\"field_reks0\" >\n\t\t\t\tSi vous \u00eates un humain, ne remplissez pas ce champ.\t\t\t<\/label>\n\t\t\t<input  id=\"field_reks0\" type=\"text\" class=\"frm_form_field form-field frm_verify\" name=\"item_meta[39]\" value=\"\"  \/>\n\t\t<\/div>\n\t\t<input name=\"frm_state\" type=\"hidden\" value=\"RbqpByLYKF2eFqtXsYk\/0EMQHHy2V9PDC5ViOAFk5mQ=\" \/><div class=\"frm_submit\">\r\n\r\n<button class=\"frm_button_submit\" type=\"submit\"  >Submit<\/button>\r\n\r\n<\/div><\/div>\n<\/fieldset>\n<\/div>\n\n<p style=\"display: none !important;\" class=\"akismet-fields-container\" data-prefix=\"ak_\"><label>&#916;<textarea name=\"ak_hp_textarea\" cols=\"45\" rows=\"8\" maxlength=\"100\"><\/textarea><\/label><input type=\"hidden\" id=\"ak_js_1\" name=\"ak_js\" value=\"115\"\/><script>document.getElementById( \"ak_js_1\" ).setAttribute( \"value\", ( new Date() ).getTime() );<\/script><\/p><\/form>\n<\/div>\n<\/div><\/div><div id=\"panel-6407-0-0-2\" class=\"so-panel widget widget_black-studio-tinymce widget_black_studio_tinymce panel-last-child\" data-index=\"2\" ><div class=\"textwidget\"><p><em>*Le linge de maison est lou\u00e9 \u00e0 l'ext\u00e9rieur, nous devons savoir au moins 2 semaines avant votre arriv\u00e9e si vous le prenez chez nous ou emmenez le v\u00f4tre.<\/em><br \/>\n<em>House linen is rented so we need to know at least 2 weeks before your arrival if you need it or bring your own.<\/em><br \/>\n<em>**Ceci pour calculer votre taxe de s\u00e9jour au plus juste<\/em><br \/>\n<em>For calculating the visitor tax accurately<\/em><br \/>\n<em>***studio \u20ac80, Arpitan 1 \u20ac400, Arpitan 1a \u20ac190, Arpitan 1b \u20ac200, Arpitan 2 \u20ac220<\/em><\/p>\n<\/div><\/div><\/div><\/div><\/div>","protected":false},"excerpt":{"rendered":"<p>Veuillez fournir les infos suivantes avant votre arriv\u00e9e \/ Please provide following information for smooth check-in*: *Le linge de maison est lou\u00e9 \u00e0 l&#8217;ext\u00e9rieur, nous devons savoir au moins 2 semaines avant votre arriv\u00e9e si vous le prenez chez nous ou emmenez le v\u00f4tre. House linen is rented so we need to know at least [&hellip;]<\/p>\n","protected":false},"author":2,"featured_media":0,"parent":0,"menu_order":0,"comment_status":"closed","ping_status":"closed","template":"","meta":{"jetpack_post_was_ever_published":false,"footnotes":""},"class_list":["post-6407","page","type-page","status-publish","hentry","post"],"yoast_head":"<!-- This site is optimized with the Yoast SEO plugin v27.4 - https:\/\/yoast.com\/product\/yoast-seo-wordpress\/ -->\n<title>Check-in - Chalet Arpitan<\/title>\n<meta name=\"robots\" content=\"index, follow, max-snippet:-1, max-image-preview:large, max-video-preview:-1\" \/>\n<link rel=\"canonical\" href=\"https:\/\/chalet-arpitan.com\/fr\/check-in\/\" \/>\n<meta property=\"og:locale\" content=\"fr_FR\" \/>\n<meta property=\"og:type\" content=\"article\" \/>\n<meta property=\"og:title\" content=\"Check-in - Chalet Arpitan\" \/>\n<meta property=\"og:description\" content=\"Veuillez fournir les infos suivantes avant votre arriv\u00e9e \/ Please provide following information for smooth check-in*: *Le linge de maison est lou\u00e9 \u00e0 l&#039;ext\u00e9rieur, nous devons savoir au moins 2 semaines avant votre arriv\u00e9e si vous le prenez chez nous ou emmenez le v\u00f4tre. House linen is rented so we need to know at least [&hellip;]\" \/>\n<meta property=\"og:url\" content=\"https:\/\/chalet-arpitan.com\/fr\/check-in\/\" \/>\n<meta property=\"og:site_name\" content=\"Chalet Arpitan\" \/>\n<meta property=\"article:publisher\" content=\"https:\/\/www.facebook.com\/chaletarpitan\" \/>\n<meta property=\"article:modified_time\" content=\"2025-01-03T10:25:07+00:00\" \/>\n<meta name=\"twitter:card\" content=\"summary_large_image\" \/>\n<meta name=\"twitter:label1\" content=\"Dur\u00e9e de lecture estim\u00e9e\" \/>\n\t<meta name=\"twitter:data1\" content=\"1 minute\" \/>\n<script type=\"application\/ld+json\" class=\"yoast-schema-graph\">{\"@context\":\"https:\\\/\\\/schema.org\",\"@graph\":[{\"@type\":\"WebPage\",\"@id\":\"https:\\\/\\\/chalet-arpitan.com\\\/check-in\\\/\",\"url\":\"https:\\\/\\\/chalet-arpitan.com\\\/check-in\\\/\",\"name\":\"Check-in - Chalet Arpitan\",\"isPartOf\":{\"@id\":\"https:\\\/\\\/chalet-arpitan.com\\\/#website\"},\"datePublished\":\"2020-07-16T08:47:55+00:00\",\"dateModified\":\"2025-01-03T10:25:07+00:00\",\"breadcrumb\":{\"@id\":\"https:\\\/\\\/chalet-arpitan.com\\\/check-in\\\/#breadcrumb\"},\"inLanguage\":\"fr-FR\",\"potentialAction\":[{\"@type\":\"ReadAction\",\"target\":[\"https:\\\/\\\/chalet-arpitan.com\\\/check-in\\\/\"]}]},{\"@type\":\"BreadcrumbList\",\"@id\":\"https:\\\/\\\/chalet-arpitan.com\\\/check-in\\\/#breadcrumb\",\"itemListElement\":[{\"@type\":\"ListItem\",\"position\":1,\"name\":\"Home\",\"item\":\"https:\\\/\\\/chalet-arpitan.com\\\/\"},{\"@type\":\"ListItem\",\"position\":2,\"name\":\"Check-in\"}]},{\"@type\":\"WebSite\",\"@id\":\"https:\\\/\\\/chalet-arpitan.com\\\/#website\",\"url\":\"https:\\\/\\\/chalet-arpitan.com\\\/\",\"name\":\"Chalet Arpitan\",\"description\":\"Luxury in les Carroz\",\"publisher\":{\"@id\":\"https:\\\/\\\/chalet-arpitan.com\\\/#organization\"},\"potentialAction\":[{\"@type\":\"SearchAction\",\"target\":{\"@type\":\"EntryPoint\",\"urlTemplate\":\"https:\\\/\\\/chalet-arpitan.com\\\/?s={search_term_string}\"},\"query-input\":{\"@type\":\"PropertyValueSpecification\",\"valueRequired\":true,\"valueName\":\"search_term_string\"}}],\"inLanguage\":\"fr-FR\"},{\"@type\":\"Organization\",\"@id\":\"https:\\\/\\\/chalet-arpitan.com\\\/#organization\",\"name\":\"Chalet Arpitan\",\"url\":\"https:\\\/\\\/chalet-arpitan.com\\\/\",\"logo\":{\"@type\":\"ImageObject\",\"inLanguage\":\"fr-FR\",\"@id\":\"https:\\\/\\\/chalet-arpitan.com\\\/#\\\/schema\\\/logo\\\/image\\\/\",\"url\":\"https:\\\/\\\/i0.wp.com\\\/chalet-arpitan.com\\\/wp-content\\\/uploads\\\/2018\\\/11\\\/logo-round.png?fit=3000%2C3001&ssl=1\",\"contentUrl\":\"https:\\\/\\\/i0.wp.com\\\/chalet-arpitan.com\\\/wp-content\\\/uploads\\\/2018\\\/11\\\/logo-round.png?fit=3000%2C3001&ssl=1\",\"width\":3000,\"height\":3001,\"caption\":\"Chalet Arpitan\"},\"image\":{\"@id\":\"https:\\\/\\\/chalet-arpitan.com\\\/#\\\/schema\\\/logo\\\/image\\\/\"},\"sameAs\":[\"https:\\\/\\\/www.facebook.com\\\/chaletarpitan\",\"https:\\\/\\\/www.instagram.com\\\/chaletarpitan\\\/\",\"https:\\\/\\\/www.youtube.com\\\/watch?v=cMBLKUSCJCo\"]}]}<\/script>\n<!-- \/ Yoast SEO plugin. -->","yoast_head_json":{"title":"Check-in - Chalet Arpitan","robots":{"index":"index","follow":"follow","max-snippet":"max-snippet:-1","max-image-preview":"max-image-preview:large","max-video-preview":"max-video-preview:-1"},"canonical":"https:\/\/chalet-arpitan.com\/fr\/check-in\/","og_locale":"fr_FR","og_type":"article","og_title":"Check-in - Chalet Arpitan","og_description":"Veuillez fournir les infos suivantes avant votre arriv\u00e9e \/ Please provide following information for smooth check-in*: *Le linge de maison est lou\u00e9 \u00e0 l'ext\u00e9rieur, nous devons savoir au moins 2 semaines avant votre arriv\u00e9e si vous le prenez chez nous ou emmenez le v\u00f4tre. House linen is rented so we need to know at least [&hellip;]","og_url":"https:\/\/chalet-arpitan.com\/fr\/check-in\/","og_site_name":"Chalet Arpitan","article_publisher":"https:\/\/www.facebook.com\/chaletarpitan","article_modified_time":"2025-01-03T10:25:07+00:00","twitter_card":"summary_large_image","twitter_misc":{"Dur\u00e9e de lecture estim\u00e9e":"1 minute"},"schema":{"@context":"https:\/\/schema.org","@graph":[{"@type":"WebPage","@id":"https:\/\/chalet-arpitan.com\/check-in\/","url":"https:\/\/chalet-arpitan.com\/check-in\/","name":"Check-in - Chalet Arpitan","isPartOf":{"@id":"https:\/\/chalet-arpitan.com\/#website"},"datePublished":"2020-07-16T08:47:55+00:00","dateModified":"2025-01-03T10:25:07+00:00","breadcrumb":{"@id":"https:\/\/chalet-arpitan.com\/check-in\/#breadcrumb"},"inLanguage":"fr-FR","potentialAction":[{"@type":"ReadAction","target":["https:\/\/chalet-arpitan.com\/check-in\/"]}]},{"@type":"BreadcrumbList","@id":"https:\/\/chalet-arpitan.com\/check-in\/#breadcrumb","itemListElement":[{"@type":"ListItem","position":1,"name":"Home","item":"https:\/\/chalet-arpitan.com\/"},{"@type":"ListItem","position":2,"name":"Check-in"}]},{"@type":"WebSite","@id":"https:\/\/chalet-arpitan.com\/#website","url":"https:\/\/chalet-arpitan.com\/","name":"Chalet Arpitan","description":"Luxury in les Carroz","publisher":{"@id":"https:\/\/chalet-arpitan.com\/#organization"},"potentialAction":[{"@type":"SearchAction","target":{"@type":"EntryPoint","urlTemplate":"https:\/\/chalet-arpitan.com\/?s={search_term_string}"},"query-input":{"@type":"PropertyValueSpecification","valueRequired":true,"valueName":"search_term_string"}}],"inLanguage":"fr-FR"},{"@type":"Organization","@id":"https:\/\/chalet-arpitan.com\/#organization","name":"Chalet Arpitan","url":"https:\/\/chalet-arpitan.com\/","logo":{"@type":"ImageObject","inLanguage":"fr-FR","@id":"https:\/\/chalet-arpitan.com\/#\/schema\/logo\/image\/","url":"https:\/\/i0.wp.com\/chalet-arpitan.com\/wp-content\/uploads\/2018\/11\/logo-round.png?fit=3000%2C3001&ssl=1","contentUrl":"https:\/\/i0.wp.com\/chalet-arpitan.com\/wp-content\/uploads\/2018\/11\/logo-round.png?fit=3000%2C3001&ssl=1","width":3000,"height":3001,"caption":"Chalet Arpitan"},"image":{"@id":"https:\/\/chalet-arpitan.com\/#\/schema\/logo\/image\/"},"sameAs":["https:\/\/www.facebook.com\/chaletarpitan","https:\/\/www.instagram.com\/chaletarpitan\/","https:\/\/www.youtube.com\/watch?v=cMBLKUSCJCo"]}]}},"jetpack_sharing_enabled":true,"jetpack_shortlink":"https:\/\/wp.me\/Pa3ex2-1Fl","_links":{"self":[{"href":"https:\/\/chalet-arpitan.com\/fr\/wp-json\/wp\/v2\/pages\/6407","targetHints":{"allow":["GET"]}}],"collection":[{"href":"https:\/\/chalet-arpitan.com\/fr\/wp-json\/wp\/v2\/pages"}],"about":[{"href":"https:\/\/chalet-arpitan.com\/fr\/wp-json\/wp\/v2\/types\/page"}],"author":[{"embeddable":true,"href":"https:\/\/chalet-arpitan.com\/fr\/wp-json\/wp\/v2\/users\/2"}],"replies":[{"embeddable":true,"href":"https:\/\/chalet-arpitan.com\/fr\/wp-json\/wp\/v2\/comments?post=6407"}],"version-history":[{"count":11,"href":"https:\/\/chalet-arpitan.com\/fr\/wp-json\/wp\/v2\/pages\/6407\/revisions"}],"predecessor-version":[{"id":7569,"href":"https:\/\/chalet-arpitan.com\/fr\/wp-json\/wp\/v2\/pages\/6407\/revisions\/7569"}],"wp:attachment":[{"href":"https:\/\/chalet-arpitan.com\/fr\/wp-json\/wp\/v2\/media?parent=6407"}],"curies":[{"name":"wp","href":"https:\/\/api.w.org\/{rel}","templated":true}]}}