{"id":745,"date":"2018-11-04T16:27:17","date_gmt":"2018-11-04T16:27:17","guid":{"rendered":"http:\/\/chalet-arpitan.com\/?page_id=745"},"modified":"2026-03-25T10:31:57","modified_gmt":"2026-03-25T10:31:57","slug":"chalet-arpitan-chalet-in-les-carroz-grand-massif-ski-resort","status":"publish","type":"page","link":"https:\/\/chalet-arpitan.com\/fr\/chalet-arpitan-chalet-in-les-carroz-grand-massif-ski-resort\/","title":{"rendered":"Tarifs"},"content":{"rendered":"<div id=\"pl-745\"  class=\"panel-layout\" ><div id=\"pg-745-0\"  class=\"panel-grid panel-has-style\" ><div class=\"siteorigin-panels-stretch panel-row-style panel-row-style-for-745-0\" data-stretch-type=\"full-width-stretch\" ><div id=\"pgc-745-0-0\"  class=\"panel-grid-cell\" ><div id=\"panel-745-0-0-0\" class=\"so-panel widget widget_sow-hero panel-first-child panel-last-child\" data-index=\"0\" ><div\n\t\t\t\n\t\t\tclass=\"so-widget-sow-hero so-widget-sow-hero-default-db57da33e731-745 so-widget-fittext-wrapper\"\n\t\t\t\n\t\t>\t\t\t\t<div class=\"sow-slider-base\" style=\"display: none\" tabindex=\"0\">\n\t\t\t\t\t<ul\n\t\t\t\t\tclass=\"sow-slider-images\"\n\t\t\t\t\tdata-settings=\"{&quot;pagination&quot;:true,&quot;speed&quot;:800,&quot;timeout&quot;:8000,&quot;paused&quot;:false,&quot;pause_on_hover&quot;:false,&quot;swipe&quot;:true,&quot;nav_always_show_desktop&quot;:&quot;&quot;,&quot;nav_always_show_mobile&quot;:&quot;&quot;,&quot;breakpoint&quot;:&quot;780px&quot;,&quot;unmute&quot;:false,&quot;anchor&quot;:null}\"\n\t\t\t\t\tstyle=\"min-height: 450px\"\t\t\t\t\tdata-anchor-id=\"\"\n\t\t\t\t>\t\t<li class=\"sow-slider-image  sow-slider-image-cover\" style=\"visibility: visible;;background-color: #ffffff\" >\n\t\t\t\t\t<div class=\"sow-slider-image-container\">\n\t\t\t<div class=\"sow-slider-image-wrapper\">\n\t\t\t\t\t\t\t<\/div>\n\t\t<\/div>\n\t\t<div class=\"sow-slider-image-overlay sow-slider-image-cover\" style=\"opacity: 0.98;background-image: url(https:\/\/i0.wp.com\/chalet-arpitan.com\/wp-content\/uploads\/2020\/01\/family-group-ski-les-carroz-grand-massif.jpg?fit=1944%2C1296&#038;ssl=1)\"  ><\/div>\t\t<\/li>\n\t\t\t\t<li class=\"sow-slider-image  sow-slider-image-cover\" style=\"visibility: hidden;;background-color: #ffffff\" >\n\t\t\t\t\t<div class=\"sow-slider-image-container\">\n\t\t\t<div class=\"sow-slider-image-wrapper\">\n\t\t\t\t\t\t\t<\/div>\n\t\t<\/div>\n\t\t<div class=\"sow-slider-image-overlay sow-slider-image-cover\" style=\"opacity: 0.98\" data-background=\"url(https:\/\/i0.wp.com\/chalet-arpitan.com\/wp-content\/uploads\/2019\/08\/Miniature-Chalet.jpg?fit=1920%2C1080&#038;ssl=1)\"  ><\/div>\t\t<\/li>\n\t\t\t\t<li class=\"sow-slider-image  sow-slider-image-cover\" style=\"visibility: hidden;;background-color: #ffffff\" >\n\t\t\t\t\t<div class=\"sow-slider-image-container\">\n\t\t\t<div class=\"sow-slider-image-wrapper\">\n\t\t\t\t\t\t\t<\/div>\n\t\t<\/div>\n\t\t<div class=\"sow-slider-image-overlay sow-slider-image-cover\" style=\"opacity: 0.98\" data-background=\"url(https:\/\/i0.wp.com\/chalet-arpitan.com\/wp-content\/uploads\/2020\/01\/wintersport-les-carroz-grand-massif.jpg?fit=1944%2C1296&#038;ssl=1)\"  ><\/div>\t\t<\/li>\n\t\t<\/ul>\t\t\t\t<ol class=\"sow-slider-pagination\">\n\t\t\t\t\t\t\t\t\t\t\t<li><a href=\"#\" data-goto=\"0\" aria-label=\"Display slide 1\"><\/a><\/li>\n\t\t\t\t\t\t\t\t\t\t\t<li><a href=\"#\" data-goto=\"1\" aria-label=\"Display slide 2\"><\/a><\/li>\n\t\t\t\t\t\t\t\t\t\t\t<li><a href=\"#\" data-goto=\"2\" aria-label=\"Display slide 3\"><\/a><\/li>\n\t\t\t\t\t\t\t\t\t<\/ol>\n\n\t\t\t\t<div class=\"sow-slide-nav sow-slide-nav-next\">\n\t\t\t\t\t<a href=\"#\" data-goto=\"next\" aria-label=\"Next slide\" data-action=\"next\">\n\t\t\t\t\t\t<em class=\"sow-sld-icon-thin-right\"><\/em>\n\t\t\t\t\t<\/a>\n\t\t\t\t<\/div>\n\n\t\t\t\t<div class=\"sow-slide-nav sow-slide-nav-prev\">\n\t\t\t\t\t<a href=\"#\" data-goto=\"previous\" aria-label=\"Previous slide\" data-action=\"prev\">\n\t\t\t\t\t\t<em class=\"sow-sld-icon-thin-left\"><\/em>\n\t\t\t\t\t<\/a>\n\t\t\t\t<\/div>\n\t\t\t\t<\/div><\/div><\/div><\/div><\/div><\/div><div id=\"pg-745-1\"  class=\"panel-grid panel-no-style\" ><div id=\"pgc-745-1-0\"  class=\"panel-grid-cell panel-grid-cell-empty\" ><\/div><div id=\"pgc-745-1-1\"  class=\"panel-grid-cell panel-grid-cell-mobile-last\" ><div id=\"panel-745-1-1-0\" class=\"so-panel widget widget_black-studio-tinymce widget_black_studio_tinymce panel-first-child\" data-index=\"1\" ><div class=\"textwidget\"><p><b>V\u00e9rifiez la disponibilit\u00e9 :<\/b><\/p>\n<\/div><\/div><div id=\"panel-745-1-1-1\" class=\"widget_text so-panel widget widget_custom_html\" data-index=\"2\" ><div class=\"textwidget custom-html-widget\"><script src=\"https:\/\/app.lodgify.com\/portable-search-bar\/stable\/renderPortableSearchBar.js\" defer><\/script>\n<style>\n  :root {\n    --ldg-psb-background: #ffffff;\n    --ldg-psb-border-radius: 0.42em;\n    --ldg-psb-box-shadow: 0px 24px 54px 0px rgba(0, 0, 0, 0.1);\n    --ldg-psb-padding: 14px;\n    --ldg-psb-input-background: #ffffff;\n    --ldg-psb-button-border-radius: 3.58em;\n    --ldg-psb-color-primary: #50a3e2;\n    --ldg-psb-color-primary-lighter:#a8d1f1;\n    --ldg-psb-color-primary-darker: #285271;\n    --ldg-psb-color-primary-contrast: #f9f6f6;\n    --ldg-semantic-color-primary:  #50a3e2;\n    --ldg-semantic-color-primary-lighter: #a8d1f1;\n    --ldg-semantic-color-primary-darker: #285271;\n    --ldg-semantic-color-primary-contrast: #f9f6f6;\n    --ldg-component-modal-z-index: 999;\n  }\n  #lodgify-search-bar {\n    width:100%;\n  }\n<\/style>\n<div\n  id=\"lodgify-search-bar\"\n  data-website-id=\"596692\"\n  data-language-code=\"en\"\n  data-search-page-url='https:\/\/chaletarpitan.lodgify.com\/en\/all-rentals'\n  \n  data-dates-check-in-label='Check-in'\n  data-dates-check-out-label='Check-out'\n  data-guests-counter-label='Guests'\n  data-guests-input-singular-label='{{NumberOfGuests}} guest'\n  data-guests-input-plural-label='{{NumberOfGuests}} guests'\n  data-location-input-label='Location'\n  data-search-button-label='Search'\n  data-dates-input-min-stay-tooltip-text='{\"one\":\"Minimum {minStay} night\",\"other\":\"Minimum {minStay} nights\"}'\n  data-guests-breakdown-label='Guests'\n  data-adults-label='{\"one\":\"adult\",\"other\":\"adults\"}'\n  data-adults-description='Age 18 or above'\n  data-children-label='{\"one\":\"child\",\"other\":\"children\"}'\n  data-children-description='Ages {minAge}-{maxAge}'\n  data-children-not-allowed-label='Not suitable for children'\n  data-infants-label='{\"one\":\"infant\",\"other\":\"infants\"}'\n  data-infants-description='Under {maxAge}'\n  data-infants-not-allowed-label='Not suitable for infants'\n  data-pets-label='{\"one\":\"pet\",\"other\":\"pets\"}'\n  data-pets-not-allowed-label='Not allowed'\n  data-done-label='Done'\n  \n  data-new-tab=\"true\"\n  data-version=\"stable\"\n  data-has-guests-breakdown\n><\/div><\/div><\/div><div id=\"panel-745-1-1-2\" class=\"so-panel widget widget_black-studio-tinymce widget_black_studio_tinymce panel-last-child\" data-index=\"3\" ><div class=\"textwidget\"><p><strong>P\u00e9riode de location : <\/strong>Location \u00e0 la semaine du samedi au samedi pendant le pic d'hiver. Sinon min. 3 nuits autres dates hiver\/\u00e9t\u00e9.<\/p>\n<p><strong>Annulation: <\/strong>Nous acceptons les annulations et remboursons 100% du montant vers\u00e9 et\/ou d\u00fbs jusqu'\u00e0 60 jours avant la date d'arriv\u00e9e, 50% jusqu'\u00e0 30 jours avant la date d'arriv\u00e9e, 0% &lt; 30 jours avant la date d&#039;arriv\u00e9e ou no show.<\/p>\n<p><strong>Escapade weekend:<\/strong>Hors saison d'hiver (avril - d\u00e9cembre), nous proposons un forfait du vendredi 10h-20h au dimanche avant 20h, ce qui vous permet d'arriver et de partir quand vous voulez.<\/p>\n<p><strong>Enfants bienvenus, pas d'animaux (m\u00eame petits). Non fumeur<\/strong><\/p>\n<\/div><\/div><\/div><div id=\"pgc-745-1-2\"  class=\"panel-grid-cell panel-grid-cell-empty\" ><\/div><\/div><div id=\"pg-745-2\"  class=\"panel-grid panel-no-style\" ><div id=\"pgc-745-2-0\"  class=\"panel-grid-cell\" ><div id=\"panel-745-2-0-0\" class=\"so-panel widget widget_black-studio-tinymce widget_black_studio_tinymce panel-first-child panel-last-child\" data-index=\"4\" ><div class=\"textwidget\"><\/div><\/div><\/div><\/div><\/div>","protected":false},"excerpt":{"rendered":"<p>Check availability now: Rental period: Weekly rentals with changeover day Saturday in Winter Peak season. Other winter\/summer periods: at least 3 nights. Cancellation: We accept cancellations and refund 100% of the amount paid up to 60 days before arrival, 50% up to 30 days before arrival, 0% &lt; 30 days before arrival or no show. [&hellip;]<\/p>\n","protected":false},"author":2,"featured_media":0,"parent":0,"menu_order":0,"comment_status":"closed","ping_status":"closed","template":"","meta":{"jetpack_post_was_ever_published":false,"footnotes":""},"class_list":["post-745","page","type-page","status-publish","hentry","post"],"yoast_head":"<!-- This site is optimized with the Yoast SEO plugin v27.3 - https:\/\/yoast.com\/product\/yoast-seo-wordpress\/ -->\n<title>Rates - Chalet Arpitan<\/title>\n<meta name=\"description\" content=\"Rates and availability for chalet Arpitan located in Les Carroz Grand Massif\" \/>\n<meta name=\"robots\" content=\"index, follow, max-snippet:-1, max-image-preview:large, max-video-preview:-1\" \/>\n<link rel=\"canonical\" href=\"https:\/\/chalet-arpitan.com\/fr\/chalet-arpitan-chalet-in-les-carroz-grand-massif-ski-resort\/\" \/>\n<meta property=\"og:locale\" content=\"fr_FR\" \/>\n<meta property=\"og:type\" content=\"article\" \/>\n<meta property=\"og:title\" content=\"Rates - Chalet Arpitan\" \/>\n<meta property=\"og:description\" content=\"Rates and availability for chalet Arpitan located in Les Carroz Grand Massif\" \/>\n<meta property=\"og:url\" content=\"https:\/\/chalet-arpitan.com\/fr\/chalet-arpitan-chalet-in-les-carroz-grand-massif-ski-resort\/\" \/>\n<meta property=\"og:site_name\" content=\"Chalet Arpitan\" \/>\n<meta property=\"article:publisher\" content=\"https:\/\/www.facebook.com\/chaletarpitan\" \/>\n<meta property=\"article:modified_time\" content=\"2026-03-25T10:31:57+00:00\" \/>\n<meta name=\"twitter:card\" content=\"summary_large_image\" \/>\n<meta name=\"twitter:label1\" content=\"Dur\u00e9e de lecture estim\u00e9e\" \/>\n\t<meta name=\"twitter:data1\" content=\"2 minutes\" \/>\n<script type=\"application\/ld+json\" class=\"yoast-schema-graph\">{\"@context\":\"https:\\\/\\\/schema.org\",\"@graph\":[{\"@type\":\"WebPage\",\"@id\":\"https:\\\/\\\/chalet-arpitan.com\\\/chalet-arpitan-chalet-in-les-carroz-grand-massif-ski-resort\\\/\",\"url\":\"https:\\\/\\\/chalet-arpitan.com\\\/chalet-arpitan-chalet-in-les-carroz-grand-massif-ski-resort\\\/\",\"name\":\"Rates - Chalet Arpitan\",\"isPartOf\":{\"@id\":\"https:\\\/\\\/chalet-arpitan.com\\\/#website\"},\"datePublished\":\"2018-11-04T16:27:17+00:00\",\"dateModified\":\"2026-03-25T10:31:57+00:00\",\"description\":\"Rates and availability for chalet Arpitan located in Les Carroz Grand Massif\",\"breadcrumb\":{\"@id\":\"https:\\\/\\\/chalet-arpitan.com\\\/chalet-arpitan-chalet-in-les-carroz-grand-massif-ski-resort\\\/#breadcrumb\"},\"inLanguage\":\"fr-FR\",\"potentialAction\":[{\"@type\":\"ReadAction\",\"target\":[\"https:\\\/\\\/chalet-arpitan.com\\\/chalet-arpitan-chalet-in-les-carroz-grand-massif-ski-resort\\\/\"]}]},{\"@type\":\"BreadcrumbList\",\"@id\":\"https:\\\/\\\/chalet-arpitan.com\\\/chalet-arpitan-chalet-in-les-carroz-grand-massif-ski-resort\\\/#breadcrumb\",\"itemListElement\":[{\"@type\":\"ListItem\",\"position\":1,\"name\":\"Home\",\"item\":\"https:\\\/\\\/chalet-arpitan.com\\\/\"},{\"@type\":\"ListItem\",\"position\":2,\"name\":\"Rates\"}]},{\"@type\":\"WebSite\",\"@id\":\"https:\\\/\\\/chalet-arpitan.com\\\/#website\",\"url\":\"https:\\\/\\\/chalet-arpitan.com\\\/\",\"name\":\"Chalet Arpitan\",\"description\":\"Luxury in les Carroz\",\"publisher\":{\"@id\":\"https:\\\/\\\/chalet-arpitan.com\\\/#organization\"},\"potentialAction\":[{\"@type\":\"SearchAction\",\"target\":{\"@type\":\"EntryPoint\",\"urlTemplate\":\"https:\\\/\\\/chalet-arpitan.com\\\/?s={search_term_string}\"},\"query-input\":{\"@type\":\"PropertyValueSpecification\",\"valueRequired\":true,\"valueName\":\"search_term_string\"}}],\"inLanguage\":\"fr-FR\"},{\"@type\":\"Organization\",\"@id\":\"https:\\\/\\\/chalet-arpitan.com\\\/#organization\",\"name\":\"Chalet Arpitan\",\"url\":\"https:\\\/\\\/chalet-arpitan.com\\\/\",\"logo\":{\"@type\":\"ImageObject\",\"inLanguage\":\"fr-FR\",\"@id\":\"https:\\\/\\\/chalet-arpitan.com\\\/#\\\/schema\\\/logo\\\/image\\\/\",\"url\":\"https:\\\/\\\/i0.wp.com\\\/chalet-arpitan.com\\\/wp-content\\\/uploads\\\/2018\\\/11\\\/logo-round.png?fit=3000%2C3001&ssl=1\",\"contentUrl\":\"https:\\\/\\\/i0.wp.com\\\/chalet-arpitan.com\\\/wp-content\\\/uploads\\\/2018\\\/11\\\/logo-round.png?fit=3000%2C3001&ssl=1\",\"width\":3000,\"height\":3001,\"caption\":\"Chalet Arpitan\"},\"image\":{\"@id\":\"https:\\\/\\\/chalet-arpitan.com\\\/#\\\/schema\\\/logo\\\/image\\\/\"},\"sameAs\":[\"https:\\\/\\\/www.facebook.com\\\/chaletarpitan\",\"https:\\\/\\\/www.instagram.com\\\/chaletarpitan\\\/\",\"https:\\\/\\\/www.youtube.com\\\/watch?v=cMBLKUSCJCo\"]}]}<\/script>\n<!-- \/ Yoast SEO plugin. -->","yoast_head_json":{"title":"Rates - Chalet Arpitan","description":"Rates and availability for chalet Arpitan located in Les Carroz Grand Massif","robots":{"index":"index","follow":"follow","max-snippet":"max-snippet:-1","max-image-preview":"max-image-preview:large","max-video-preview":"max-video-preview:-1"},"canonical":"https:\/\/chalet-arpitan.com\/fr\/chalet-arpitan-chalet-in-les-carroz-grand-massif-ski-resort\/","og_locale":"fr_FR","og_type":"article","og_title":"Rates - Chalet Arpitan","og_description":"Rates and availability for chalet Arpitan located in Les Carroz Grand Massif","og_url":"https:\/\/chalet-arpitan.com\/fr\/chalet-arpitan-chalet-in-les-carroz-grand-massif-ski-resort\/","og_site_name":"Chalet Arpitan","article_publisher":"https:\/\/www.facebook.com\/chaletarpitan","article_modified_time":"2026-03-25T10:31:57+00:00","twitter_card":"summary_large_image","twitter_misc":{"Dur\u00e9e de lecture estim\u00e9e":"2 minutes"},"schema":{"@context":"https:\/\/schema.org","@graph":[{"@type":"WebPage","@id":"https:\/\/chalet-arpitan.com\/chalet-arpitan-chalet-in-les-carroz-grand-massif-ski-resort\/","url":"https:\/\/chalet-arpitan.com\/chalet-arpitan-chalet-in-les-carroz-grand-massif-ski-resort\/","name":"Rates - Chalet Arpitan","isPartOf":{"@id":"https:\/\/chalet-arpitan.com\/#website"},"datePublished":"2018-11-04T16:27:17+00:00","dateModified":"2026-03-25T10:31:57+00:00","description":"Rates and availability for chalet Arpitan located in Les Carroz Grand Massif","breadcrumb":{"@id":"https:\/\/chalet-arpitan.com\/chalet-arpitan-chalet-in-les-carroz-grand-massif-ski-resort\/#breadcrumb"},"inLanguage":"fr-FR","potentialAction":[{"@type":"ReadAction","target":["https:\/\/chalet-arpitan.com\/chalet-arpitan-chalet-in-les-carroz-grand-massif-ski-resort\/"]}]},{"@type":"BreadcrumbList","@id":"https:\/\/chalet-arpitan.com\/chalet-arpitan-chalet-in-les-carroz-grand-massif-ski-resort\/#breadcrumb","itemListElement":[{"@type":"ListItem","position":1,"name":"Home","item":"https:\/\/chalet-arpitan.com\/"},{"@type":"ListItem","position":2,"name":"Rates"}]},{"@type":"WebSite","@id":"https:\/\/chalet-arpitan.com\/#website","url":"https:\/\/chalet-arpitan.com\/","name":"Chalet Arpitan","description":"Luxury in les Carroz","publisher":{"@id":"https:\/\/chalet-arpitan.com\/#organization"},"potentialAction":[{"@type":"SearchAction","target":{"@type":"EntryPoint","urlTemplate":"https:\/\/chalet-arpitan.com\/?s={search_term_string}"},"query-input":{"@type":"PropertyValueSpecification","valueRequired":true,"valueName":"search_term_string"}}],"inLanguage":"fr-FR"},{"@type":"Organization","@id":"https:\/\/chalet-arpitan.com\/#organization","name":"Chalet Arpitan","url":"https:\/\/chalet-arpitan.com\/","logo":{"@type":"ImageObject","inLanguage":"fr-FR","@id":"https:\/\/chalet-arpitan.com\/#\/schema\/logo\/image\/","url":"https:\/\/i0.wp.com\/chalet-arpitan.com\/wp-content\/uploads\/2018\/11\/logo-round.png?fit=3000%2C3001&ssl=1","contentUrl":"https:\/\/i0.wp.com\/chalet-arpitan.com\/wp-content\/uploads\/2018\/11\/logo-round.png?fit=3000%2C3001&ssl=1","width":3000,"height":3001,"caption":"Chalet Arpitan"},"image":{"@id":"https:\/\/chalet-arpitan.com\/#\/schema\/logo\/image\/"},"sameAs":["https:\/\/www.facebook.com\/chaletarpitan","https:\/\/www.instagram.com\/chaletarpitan\/","https:\/\/www.youtube.com\/watch?v=cMBLKUSCJCo"]}]}},"jetpack_sharing_enabled":true,"jetpack_shortlink":"https:\/\/wp.me\/Pa3ex2-c1","_links":{"self":[{"href":"https:\/\/chalet-arpitan.com\/fr\/wp-json\/wp\/v2\/pages\/745","targetHints":{"allow":["GET"]}}],"collection":[{"href":"https:\/\/chalet-arpitan.com\/fr\/wp-json\/wp\/v2\/pages"}],"about":[{"href":"https:\/\/chalet-arpitan.com\/fr\/wp-json\/wp\/v2\/types\/page"}],"author":[{"embeddable":true,"href":"https:\/\/chalet-arpitan.com\/fr\/wp-json\/wp\/v2\/users\/2"}],"replies":[{"embeddable":true,"href":"https:\/\/chalet-arpitan.com\/fr\/wp-json\/wp\/v2\/comments?post=745"}],"version-history":[{"count":339,"href":"https:\/\/chalet-arpitan.com\/fr\/wp-json\/wp\/v2\/pages\/745\/revisions"}],"predecessor-version":[{"id":7871,"href":"https:\/\/chalet-arpitan.com\/fr\/wp-json\/wp\/v2\/pages\/745\/revisions\/7871"}],"wp:attachment":[{"href":"https:\/\/chalet-arpitan.com\/fr\/wp-json\/wp\/v2\/media?parent=745"}],"curies":[{"name":"wp","href":"https:\/\/api.w.org\/{rel}","templated":true}]}}