{"id":8,"date":"2018-08-01T16:59:42","date_gmt":"2018-08-01T16:59:42","guid":{"rendered":"http:\/\/chalet-arpitan.com\/?page_id=8"},"modified":"2022-06-07T07:57:14","modified_gmt":"2022-06-07T07:57:14","slug":"concierge-services","status":"publish","type":"page","link":"https:\/\/chalet-arpitan.com\/fr\/concierge-services\/","title":{"rendered":""},"content":{"rendered":"<div id=\"pl-8\"  class=\"panel-layout\" ><div id=\"pg-8-0\"  class=\"panel-grid panel-has-style\" ><div class=\"siteorigin-panels-stretch panel-row-style panel-row-style-for-8-0\" data-stretch-type=\"full\" ><div id=\"pgc-8-0-0\"  class=\"panel-grid-cell\" ><div id=\"panel-8-0-0-0\" class=\"so-panel widget widget_sow-headline panel-first-child panel-last-child\" data-index=\"0\" ><div\n\t\t\t\n\t\t\tclass=\"so-widget-sow-headline so-widget-sow-headline-default-7b27afce9c28-8\"\n\t\t\t\n\t\t><div class=\"sow-headline-container\">\n\t\t\t\t\t\t\t<h1 class=\"sow-headline\">\n\t\t\t\t\t\tSERVICES PROPOSES\t\t\t\t\t\t<\/h1>\n\t\t\t\t\t\t\t\t\t\t\t<div class=\"decoration\">\n\t\t\t\t\t\t<div class=\"decoration-inside\"><\/div>\n\t\t\t\t\t<\/div>\n\t\t\t\t\t\t\t\t\t\t\t<h4 class=\"sow-sub-headline\">\n\t\t\t\t\t\tVotre s\u00e9jour comprend d\u00e9j\u00e0 un certain nombre de services mais nous allons au del\u00e0. Dites-nous ce qui vous ferait plaisir.  \t\t\t\t\t\t<\/h4>\n\t\t\t\t\t\t<\/div>\n<\/div><\/div><\/div><\/div><\/div><div id=\"pg-8-1\"  class=\"panel-grid panel-has-style\" ><div class=\"siteorigin-panels-stretch panel-row-style panel-row-style-for-8-1\" data-stretch-type=\"full\" ><div id=\"pgc-8-1-0\"  class=\"panel-grid-cell\" ><div id=\"panel-8-1-0-0\" class=\"so-panel widget widget_sow-features panel-first-child panel-last-child\" data-index=\"1\" ><div\n\t\t\t\n\t\t\tclass=\"so-widget-sow-features so-widget-sow-features-default-580689163444-8\"\n\t\t\t\n\t\t><ul\n\tclass=\"sow-features-list\tsow-features-responsive\">\n\n\t\t\t<li\n\t\t\tclass=\"sow-features-feature sow-icon-container-position-top\"\n\t\t\tstyle=\"display: flex; flex-direction: column; width: calc(100% - 25px);\"\n\t\t>\n\t\t\t\n\t\t\t\t\t\t<div\t\t\t\tclass=\"sow-icon-container sow-container-round\"\n\t\t\t\tstyle=\"color: #dd3333; \"\n\t\t\t\t\n\t\t\t\t\t\t\t>\n\t\t\t\t\t\t\t<\/div>\n\n\t\t\t<div class=\"textwidget\">\n\t\t\t\t\n\t\t\t\t\n\t\t\t\t\t\t\t\t\t<div class=\"sow-features-feature-text\">\n\t\t\t\t\t<h2><span style=\"color: #ffffff\">Activit\u00e9s<\/span><\/h2>\n<h5><span style=\"color: #ffffff\">Nous vous conseillons les activit\u00e9s \u00e0 faire dans la r\u00e9gion et pouvons les r\u00e9server pour vous.<\/span><\/h5>\n<p><span style=\"color: #ffffff\"><a style=\"color: #ffffff\" href=\"\/fr\/chalet-arpitan-outdoor-activities-les-carroz-grand-massif-ski-resort\/\"><b>Plus d'infos..<\/b><\/a><\/span><\/p>\n\t\t\t\t\t<\/div>\n\t\t\t\t\t\t\t\t<\/div>\n\t\t\t\t\t\t\t\t<\/li>\n\n\t<\/ul>\n<\/div><\/div><\/div><div id=\"pgc-8-1-1\"  class=\"panel-grid-cell\" ><div id=\"panel-8-1-1-0\" class=\"so-panel widget widget_sow-features panel-first-child panel-last-child\" data-index=\"2\" ><div\n\t\t\t\n\t\t\tclass=\"so-widget-sow-features so-widget-sow-features-default-e921151d78e2-8\"\n\t\t\t\n\t\t><ul\n\tclass=\"sow-features-list\tsow-features-responsive\">\n\n\t\t\t<li\n\t\t\tclass=\"sow-features-feature sow-icon-container-position-top\"\n\t\t\tstyle=\"display: flex; flex-direction: column; width: calc(100% - 25px);\"\n\t\t>\n\t\t\t\n\t\t\t\t\t\t<div\t\t\t\tclass=\"sow-icon-container sow-container-round\"\n\t\t\t\tstyle=\"color: #404040; \"\n\t\t\t\t\n\t\t\t\t\t\t\t>\n\t\t\t\t\t\t\t<\/div>\n\n\t\t\t<div class=\"textwidget\">\n\t\t\t\t\n\t\t\t\t\n\t\t\t\t\t\t\t\t\t<div class=\"sow-features-feature-text\">\n\t\t\t\t\t<h3><span style=\"color: #ffffff\">Restauration<\/span><\/h3>\n<h5><span style=\"color: #ffffff\">Nous proposons la livraison de repas, plats locaux, ou m\u00eame un Chef \u00e0 domicile qui vous pr\u00e9pare de petits plats..<\/span><\/h5>\n<p><span style=\"color: #ffffff\"><a style=\"color: #ffffff\" href=\"https:\/\/chalet-arpitan.com\/fr\/product-category\/catering\/\"><b>Plus d'infos..<\/b><\/a><\/span><\/p>\n\t\t\t\t\t<\/div>\n\t\t\t\t\t\t\t\t<\/div>\n\t\t\t\t\t\t\t\t<\/li>\n\n\t<\/ul>\n<\/div><\/div><\/div><div id=\"pgc-8-1-2\"  class=\"panel-grid-cell\" ><div id=\"panel-8-1-2-0\" class=\"so-panel widget widget_sow-features panel-first-child panel-last-child\" data-index=\"3\" ><div\n\t\t\t\n\t\t\tclass=\"so-widget-sow-features so-widget-sow-features-default-e921151d78e2-8\"\n\t\t\t\n\t\t><ul\n\tclass=\"sow-features-list\tsow-features-responsive\">\n\n\t\t\t<li\n\t\t\tclass=\"sow-features-feature sow-icon-container-position-top\"\n\t\t\tstyle=\"display: flex; flex-direction: column; width: calc(100% - 25px);\"\n\t\t>\n\t\t\t\n\t\t\t\t\t\t<div\t\t\t\tclass=\"sow-icon-container sow-container-round\"\n\t\t\t\tstyle=\"color: #404040; \"\n\t\t\t\t\n\t\t\t\t\t\t\t>\n\t\t\t\t\t\t\t<\/div>\n\n\t\t\t<div class=\"textwidget\">\n\t\t\t\t\n\t\t\t\t\n\t\t\t\t\t\t\t\t\t<div class=\"sow-features-feature-text\">\n\t\t\t\t\t<h3><span style=\"color: #ffffff\">M\u00e9nage<\/span><\/h3>\n<h5><span style=\"color: #ffffff\">Nos prix ne comprennent pas le m\u00e9nage de fin de s\u00e9jour, ni le m\u00e9nage quotidien. Veuillez nous faire savoir si vous souhaitez qu'on s'en occupe.<\/span><\/h5>\n<p><span style=\"color: #ffffff\"><a style=\"color: #ffffff\" href=\"https:\/\/chalet-arpitan.com\/fr\/product-category\/housekeeping\/\"><b>Plus d'infos..<\/b><\/a><\/span><\/p>\n\t\t\t\t\t<\/div>\n\t\t\t\t\t\t\t\t<\/div>\n\t\t\t\t\t\t\t\t<\/li>\n\n\t<\/ul>\n<\/div><\/div><\/div><\/div><\/div><\/div>","protected":false},"excerpt":{"rendered":"<p>OUR SERVICES Your stay already includes a multitude of services, but we can go much further, just ask us what would make you happy &#8230; Activities We can advise you on the activities in the area and book them for you. More info &#8230; Catering A whole variety of food offers.. we can book local [&hellip;]<\/p>\n","protected":false},"author":1,"featured_media":0,"parent":0,"menu_order":0,"comment_status":"closed","ping_status":"closed","template":"","meta":{"jetpack_post_was_ever_published":false,"footnotes":""},"class_list":["post-8","page","type-page","status-publish","hentry","post"],"yoast_head":"<!-- This site is optimized with the Yoast SEO plugin v27.5 - https:\/\/yoast.com\/product\/yoast-seo-wordpress\/ -->\n<title>- Chalet Arpitan<\/title>\n<meta name=\"description\" content=\"Luxury chalet with concierge services Les Carroz \u2013 Grand Massif ski resort food delivery, a private Chef and many other services.\" \/>\n<meta name=\"robots\" content=\"index, follow, max-snippet:-1, max-image-preview:large, max-video-preview:-1\" \/>\n<link rel=\"canonical\" href=\"https:\/\/chalet-arpitan.com\/fr\/concierge-services\/\" \/>\n<meta property=\"og:locale\" content=\"fr_FR\" \/>\n<meta property=\"og:type\" content=\"article\" \/>\n<meta property=\"og:title\" content=\"- Chalet Arpitan\" \/>\n<meta property=\"og:description\" content=\"Luxury chalet with concierge services Les Carroz \u2013 Grand Massif ski resort food delivery, a private Chef and many other services.\" \/>\n<meta property=\"og:url\" content=\"https:\/\/chalet-arpitan.com\/fr\/concierge-services\/\" \/>\n<meta property=\"og:site_name\" content=\"Chalet Arpitan\" \/>\n<meta property=\"article:publisher\" content=\"https:\/\/www.facebook.com\/chaletarpitan\" \/>\n<meta property=\"article:modified_time\" content=\"2022-06-07T07:57:14+00:00\" \/>\n<meta name=\"twitter:card\" content=\"summary_large_image\" \/>\n<script type=\"application\/ld+json\" class=\"yoast-schema-graph\">{\"@context\":\"https:\\\/\\\/schema.org\",\"@graph\":[{\"@type\":\"WebPage\",\"@id\":\"https:\\\/\\\/chalet-arpitan.com\\\/concierge-services\\\/\",\"url\":\"https:\\\/\\\/chalet-arpitan.com\\\/concierge-services\\\/\",\"name\":\"- Chalet Arpitan\",\"isPartOf\":{\"@id\":\"https:\\\/\\\/chalet-arpitan.com\\\/#website\"},\"datePublished\":\"2018-08-01T16:59:42+00:00\",\"dateModified\":\"2022-06-07T07:57:14+00:00\",\"description\":\"Luxury chalet with concierge services Les Carroz \u2013 Grand Massif ski resort food delivery, a private Chef and many other services.\",\"inLanguage\":\"fr-FR\",\"potentialAction\":[{\"@type\":\"ReadAction\",\"target\":[\"https:\\\/\\\/chalet-arpitan.com\\\/concierge-services\\\/\"]}]},{\"@type\":\"WebSite\",\"@id\":\"https:\\\/\\\/chalet-arpitan.com\\\/#website\",\"url\":\"https:\\\/\\\/chalet-arpitan.com\\\/\",\"name\":\"Chalet Arpitan\",\"description\":\"Luxury in les Carroz\",\"publisher\":{\"@id\":\"https:\\\/\\\/chalet-arpitan.com\\\/#organization\"},\"potentialAction\":[{\"@type\":\"SearchAction\",\"target\":{\"@type\":\"EntryPoint\",\"urlTemplate\":\"https:\\\/\\\/chalet-arpitan.com\\\/?s={search_term_string}\"},\"query-input\":{\"@type\":\"PropertyValueSpecification\",\"valueRequired\":true,\"valueName\":\"search_term_string\"}}],\"inLanguage\":\"fr-FR\"},{\"@type\":\"Organization\",\"@id\":\"https:\\\/\\\/chalet-arpitan.com\\\/#organization\",\"name\":\"Chalet Arpitan\",\"url\":\"https:\\\/\\\/chalet-arpitan.com\\\/\",\"logo\":{\"@type\":\"ImageObject\",\"inLanguage\":\"fr-FR\",\"@id\":\"https:\\\/\\\/chalet-arpitan.com\\\/#\\\/schema\\\/logo\\\/image\\\/\",\"url\":\"https:\\\/\\\/i0.wp.com\\\/chalet-arpitan.com\\\/wp-content\\\/uploads\\\/2018\\\/11\\\/logo-round.png?fit=3000%2C3001&ssl=1\",\"contentUrl\":\"https:\\\/\\\/i0.wp.com\\\/chalet-arpitan.com\\\/wp-content\\\/uploads\\\/2018\\\/11\\\/logo-round.png?fit=3000%2C3001&ssl=1\",\"width\":3000,\"height\":3001,\"caption\":\"Chalet Arpitan\"},\"image\":{\"@id\":\"https:\\\/\\\/chalet-arpitan.com\\\/#\\\/schema\\\/logo\\\/image\\\/\"},\"sameAs\":[\"https:\\\/\\\/www.facebook.com\\\/chaletarpitan\",\"https:\\\/\\\/www.instagram.com\\\/chaletarpitan\\\/\",\"https:\\\/\\\/www.youtube.com\\\/watch?v=cMBLKUSCJCo\"]}]}<\/script>\n<!-- \/ Yoast SEO plugin. -->","yoast_head_json":{"title":"- Chalet Arpitan","description":"Luxury chalet with concierge services Les Carroz \u2013 Grand Massif ski resort food delivery, a private Chef and many other services.","robots":{"index":"index","follow":"follow","max-snippet":"max-snippet:-1","max-image-preview":"max-image-preview:large","max-video-preview":"max-video-preview:-1"},"canonical":"https:\/\/chalet-arpitan.com\/fr\/concierge-services\/","og_locale":"fr_FR","og_type":"article","og_title":"- Chalet Arpitan","og_description":"Luxury chalet with concierge services Les Carroz \u2013 Grand Massif ski resort food delivery, a private Chef and many other services.","og_url":"https:\/\/chalet-arpitan.com\/fr\/concierge-services\/","og_site_name":"Chalet Arpitan","article_publisher":"https:\/\/www.facebook.com\/chaletarpitan","article_modified_time":"2022-06-07T07:57:14+00:00","twitter_card":"summary_large_image","schema":{"@context":"https:\/\/schema.org","@graph":[{"@type":"WebPage","@id":"https:\/\/chalet-arpitan.com\/concierge-services\/","url":"https:\/\/chalet-arpitan.com\/concierge-services\/","name":"- Chalet Arpitan","isPartOf":{"@id":"https:\/\/chalet-arpitan.com\/#website"},"datePublished":"2018-08-01T16:59:42+00:00","dateModified":"2022-06-07T07:57:14+00:00","description":"Luxury chalet with concierge services Les Carroz \u2013 Grand Massif ski resort food delivery, a private Chef and many other services.","inLanguage":"fr-FR","potentialAction":[{"@type":"ReadAction","target":["https:\/\/chalet-arpitan.com\/concierge-services\/"]}]},{"@type":"WebSite","@id":"https:\/\/chalet-arpitan.com\/#website","url":"https:\/\/chalet-arpitan.com\/","name":"Chalet Arpitan","description":"Luxury in les Carroz","publisher":{"@id":"https:\/\/chalet-arpitan.com\/#organization"},"potentialAction":[{"@type":"SearchAction","target":{"@type":"EntryPoint","urlTemplate":"https:\/\/chalet-arpitan.com\/?s={search_term_string}"},"query-input":{"@type":"PropertyValueSpecification","valueRequired":true,"valueName":"search_term_string"}}],"inLanguage":"fr-FR"},{"@type":"Organization","@id":"https:\/\/chalet-arpitan.com\/#organization","name":"Chalet Arpitan","url":"https:\/\/chalet-arpitan.com\/","logo":{"@type":"ImageObject","inLanguage":"fr-FR","@id":"https:\/\/chalet-arpitan.com\/#\/schema\/logo\/image\/","url":"https:\/\/i0.wp.com\/chalet-arpitan.com\/wp-content\/uploads\/2018\/11\/logo-round.png?fit=3000%2C3001&ssl=1","contentUrl":"https:\/\/i0.wp.com\/chalet-arpitan.com\/wp-content\/uploads\/2018\/11\/logo-round.png?fit=3000%2C3001&ssl=1","width":3000,"height":3001,"caption":"Chalet Arpitan"},"image":{"@id":"https:\/\/chalet-arpitan.com\/#\/schema\/logo\/image\/"},"sameAs":["https:\/\/www.facebook.com\/chaletarpitan","https:\/\/www.instagram.com\/chaletarpitan\/","https:\/\/www.youtube.com\/watch?v=cMBLKUSCJCo"]}]}},"jetpack_sharing_enabled":true,"jetpack_shortlink":"https:\/\/wp.me\/Pa3ex2-8","_links":{"self":[{"href":"https:\/\/chalet-arpitan.com\/fr\/wp-json\/wp\/v2\/pages\/8","targetHints":{"allow":["GET"]}}],"collection":[{"href":"https:\/\/chalet-arpitan.com\/fr\/wp-json\/wp\/v2\/pages"}],"about":[{"href":"https:\/\/chalet-arpitan.com\/fr\/wp-json\/wp\/v2\/types\/page"}],"author":[{"embeddable":true,"href":"https:\/\/chalet-arpitan.com\/fr\/wp-json\/wp\/v2\/users\/1"}],"replies":[{"embeddable":true,"href":"https:\/\/chalet-arpitan.com\/fr\/wp-json\/wp\/v2\/comments?post=8"}],"version-history":[{"count":88,"href":"https:\/\/chalet-arpitan.com\/fr\/wp-json\/wp\/v2\/pages\/8\/revisions"}],"predecessor-version":[{"id":6903,"href":"https:\/\/chalet-arpitan.com\/fr\/wp-json\/wp\/v2\/pages\/8\/revisions\/6903"}],"wp:attachment":[{"href":"https:\/\/chalet-arpitan.com\/fr\/wp-json\/wp\/v2\/media?parent=8"}],"curies":[{"name":"wp","href":"https:\/\/api.w.org\/{rel}","templated":true}]}}